{"id":269,"date":"2017-11-25T15:13:31","date_gmt":"2017-11-25T15:13:31","guid":{"rendered":"http:\/\/www.vila-nela.com\/?page_id=269"},"modified":"2018-01-11T17:09:09","modified_gmt":"2018-01-11T17:09:09","slug":"apartmani","status":"publish","type":"page","link":"https:\/\/www.vila-nela.com\/Cz\/apartmani\/","title":{"rendered":"(Hrvatski) Svi Apartmani"},"content":{"rendered":"<p><\/p>\n<div class=\"page-header\">\n<h1>Apartm\u00e1ny Vila Nela Tu\u010depi<\/h1>\n<\/div>\n<div class=\"items-leading clearfix\">\n<div class=\"leading-0\">\n<div class=\"page-header\">\n<h2><a href=\"http:\/\/www.vila-nela.com\/sk\/a-apartman-a-5\/\">A apartman &#8211; A-5<\/a><\/h2>\n<\/div>\n<p><a href=\"http:\/\/www.vila-nela.com\/sk\/a-apartman-a-5\/\" rel=\"http:\/\/www.vila-nela.com\/a-apartman-a-5\/\"><img loading=\"lazy\" class=\"alignleft wp-image-33\" src=\"http:\/\/www.vila-nela.com\/wp-content\/uploads\/2017\/11\/1_a5k1_vila_nela_tucepi_bedroom1-1-300x200.jpg\" alt=\"Apartments Vila Nela\" width=\"230\" height=\"153\" srcset=\"https:\/\/www.vila-nela.com\/wp-content\/uploads\/2017\/11\/1_a5k1_vila_nela_tucepi_bedroom1-1-300x200.jpg 300w, https:\/\/www.vila-nela.com\/wp-content\/uploads\/2017\/11\/1_a5k1_vila_nela_tucepi_bedroom1-1.jpg 720w\" sizes=\"(max-width: 230px) 100vw, 230px\" \/><\/a><\/p>\n<p><span style=\"font-family: helvetica, arial, sans-serif;\">Ap A: A5 klimatizace + TV + WiFi (klimatizace a pln\u011b vybaven\u00e1 kuchyn\u011b)<\/span><\/p>\n<p><span style=\"font-family: helvetica, arial, sans-serif;\">(v\u00fdhled na mo\u0159e a hory) (1. patro) (63m2 + terasa 12m2)<\/span><\/p>\n<p><span style=\"font-family: helvetica, arial, sans-serif;\">Apartm\u00e1n se skl\u00e1d\u00e1 ze dvou lo\u017enic, velk\u00e9 n\u00e1bytkem vybaven\u00e9 kuchyn\u011b, prostorn\u00e9 terasy, 2toalety a koupelny se sprchou.<\/span><\/p>\n<p>&nbsp;<\/p>\n<\/div>\n<\/div>\n<p><a href=\"http:\/\/www.vila-nela.com\/sk\/a-apartman-a-5\/\"><img loading=\"lazy\" class=\"alignleft wp-image-321 size-full\" src=\"http:\/\/www.vila-nela.com\/wp-content\/uploads\/2017\/11\/viac.jpg\" alt=\"\" width=\"110\" height=\"33\" \/><\/a><\/p>\n<p>&nbsp;<\/p>\n<p>&nbsp;<\/p>\n<hr \/>\n<div class=\"page-header\">\n<h2><a href=\"http:\/\/www.vila-nela.com\/sk\/b-apartman-a-5\/\">B apartman &#8211; A-4<\/a><\/h2>\n<\/div>\n<p><a href=\"http:\/\/www.vila-nela.com\/sk\/b-apartman-a-5\/\" rel=\"http:\/\/www.vila-nela.com\/b-apartman-a-5\/\"><img loading=\"lazy\" class=\"alignleft wp-image-35\" src=\"http:\/\/www.vila-nela.com\/wp-content\/uploads\/2017\/11\/2_a4k1_vila_nela_tucepi_bed1-300x200.jpg\" alt=\"Vila Nela Tu\u010depi\" width=\"230\" height=\"153\" srcset=\"https:\/\/www.vila-nela.com\/wp-content\/uploads\/2017\/11\/2_a4k1_vila_nela_tucepi_bed1-300x200.jpg 300w, https:\/\/www.vila-nela.com\/wp-content\/uploads\/2017\/11\/2_a4k1_vila_nela_tucepi_bed1.jpg 720w\" sizes=\"(max-width: 230px) 100vw, 230px\" \/><\/a><\/p>\n<p>&nbsp;<\/p>\n<p><span style=\"font-family: helvetica, arial, sans-serif;\">Ap B: A4 klimatizace + satelitn\u00ed TV + WiFi (klimatizace a pln\u011b vybaven\u00e1 kuchyn\u011b)<\/span><\/p>\n<p><span style=\"font-family: helvetica, arial, sans-serif;\">(v\u00fdhled na mo\u0159e ze dvou teras) (1. patro) (40m2 + terasa 10m2 + balk\u00f3n 4m2)<\/span><\/p>\n<p><span style=\"font-family: helvetica, arial, sans-serif;\">Host\u016fm k dispozici budou zp\u0159\u00edstupn\u011bny dv\u011b terasy spolu s rozv\u00edjec\u00ed mark\u00fdzou.<\/span><\/p>\n<p>&nbsp;<\/p>\n<p><a href=\"http:\/\/www.vila-nela.com\/sk\/b-apartman-a-5\/\"><img loading=\"lazy\" class=\"alignleft wp-image-321 size-full\" src=\"http:\/\/www.vila-nela.com\/wp-content\/uploads\/2017\/11\/viac.jpg\" alt=\"\" width=\"110\" height=\"33\" \/><\/a><\/p>\n<p>&nbsp;<\/p>\n<p>&nbsp;<\/p>\n<hr \/>\n<div class=\"page-header\">\n<h2><a href=\"http:\/\/www.vila-nela.com\/sk\/c-apartman-a-22\/\">C apartman &#8211; A-2+2<\/a><\/h2>\n<\/div>\n<p><a href=\"http:\/\/www.vila-nela.com\/sk\/c-apartman-a-22\/\"><img loading=\"lazy\" class=\"alignleft wp-image-36 \" src=\"http:\/\/www.vila-nela.com\/wp-content\/uploads\/2017\/11\/3_a22k1_vila_nela_tucepi_dining_room1c-300x200.jpg\" alt=\"Vila Nela\" width=\"230\" height=\"153\" srcset=\"https:\/\/www.vila-nela.com\/wp-content\/uploads\/2017\/11\/3_a22k1_vila_nela_tucepi_dining_room1c-300x200.jpg 300w, https:\/\/www.vila-nela.com\/wp-content\/uploads\/2017\/11\/3_a22k1_vila_nela_tucepi_dining_room1c.jpg 720w\" sizes=\"(max-width: 230px) 100vw, 230px\" \/><\/a><\/p>\n<p><span style=\"font-family: helvetica, arial, sans-serif;\">Ap C: A2 + dvojit\u00e1 klimatizace + TV + WiFi (klimatizace a pln\u011b vybaven\u00e1 kuchyn\u011b)<\/span><br \/>\n<span style=\"font-family: helvetica, arial, sans-serif;\">(v\u00fdhled na mo\u0159e) (1. patro) (35m2 + veranda 7m2 + terasa 3,6m2)<\/span><br \/>\n<span style=\"font-family: helvetica, arial, sans-serif;\">S terasy le\u017e\u00edc\u00ed v jihoz\u00e1padn\u00ed \u010d\u00e1sti budovy se rozprost\u00edr\u00e1 \u010d\u00e1ste\u010dn\u00fd v\u00fdhled na mo\u0159e. Lo\u017enice je um\u00edst\u011bna v severn\u00ed \u010d\u00e1sti, d\u00edky tomu to je ide\u00e1ln\u00ed apartm\u00e1n pro v\u0161echny, kte\u0159\u00ed miluj\u00ed ticho.<\/span><\/p>\n<p>&nbsp;<\/p>\n<p>&nbsp;<\/p>\n<p><a href=\"http:\/\/www.vila-nela.com\/sk\/c-apartman-a-22\/\"><img loading=\"lazy\" class=\"alignleft wp-image-321 size-full\" src=\"http:\/\/www.vila-nela.com\/wp-content\/uploads\/2017\/11\/viac.jpg\" alt=\"\" width=\"110\" height=\"33\" \/><\/a><\/p>\n<p>&nbsp;<\/p>\n<p>&nbsp;<\/p>\n<hr \/>\n<div class=\"page-header\">\n<h2><a href=\"http:\/\/www.vila-nela.com\/sk\/d-apartman-a-31\/\">D apartman &#8211; A-3+1<\/a><\/h2>\n<\/div>\n<p><a href=\"http:\/\/www.vila-nela.com\/sk\/d-apartman-a-31\/\"><img loading=\"lazy\" class=\"alignleft wp-image-37 \" src=\"http:\/\/www.vila-nela.com\/wp-content\/uploads\/2017\/11\/4_a31k1_vila_nela_tucepi_bedroom1-300x200.jpg\" alt=\"Apartman Vila Nela\" width=\"230\" height=\"153\" srcset=\"https:\/\/www.vila-nela.com\/wp-content\/uploads\/2017\/11\/4_a31k1_vila_nela_tucepi_bedroom1-300x200.jpg 300w, https:\/\/www.vila-nela.com\/wp-content\/uploads\/2017\/11\/4_a31k1_vila_nela_tucepi_bedroom1.jpg 720w\" sizes=\"(max-width: 230px) 100vw, 230px\" \/><\/a><\/p>\n<p><span style=\"font-family: helvetica, arial, sans-serif;\">Ap D: A3 + klimatizace + satelitn\u00ed TV + WiFi (klimatizace a pln\u011b vybaven\u00e1 kuchyn\u011b)<\/span><\/p>\n<p><span style=\"font-family: helvetica, arial, sans-serif;\">(v\u00fdhled na mo\u0159e) (1. patro) (32m2 + terasa 10m2)<\/span><\/p>\n<p><span style=\"font-family: helvetica, arial, sans-serif;\">Pohodln\u00fd a klidn\u00fd apartm\u00e1n s velkou terasou a rozv\u00edjec\u00ed mark\u00fdzou.<\/span><\/p>\n<p>&nbsp;<\/p>\n<p>&nbsp;<\/p>\n<p><a href=\"http:\/\/www.vila-nela.com\/sk\/d-apartman-a-31\/\"><img loading=\"lazy\" class=\"alignleft wp-image-321 size-full\" src=\"http:\/\/www.vila-nela.com\/wp-content\/uploads\/2017\/11\/viac.jpg\" alt=\"\" width=\"110\" height=\"33\" \/><\/a><\/p>\n<p>&nbsp;<\/p>\n<p>&nbsp;<\/p>\n<hr \/>\n<div class=\"page-header\">\n<h2><a href=\"http:\/\/www.vila-nela.com\/sk\/e-apartman-a-31\/\">E apartman &#8211; A-3+1<\/a><\/h2>\n<\/div>\n<p><a href=\"http:\/\/www.vila-nela.com\/sk\/e-apartman-a-31\/\"><img loading=\"lazy\" class=\"alignleft wp-image-38 \" src=\"http:\/\/www.vila-nela.com\/wp-content\/uploads\/2017\/11\/5_a31k2_vila_nela_tucepi_dining_room1-300x200.jpg\" alt=\"Vila Nela\" width=\"230\" height=\"153\" srcset=\"https:\/\/www.vila-nela.com\/wp-content\/uploads\/2017\/11\/5_a31k2_vila_nela_tucepi_dining_room1-300x200.jpg 300w, https:\/\/www.vila-nela.com\/wp-content\/uploads\/2017\/11\/5_a31k2_vila_nela_tucepi_dining_room1.jpg 720w\" sizes=\"(max-width: 230px) 100vw, 230px\" \/><\/a><\/p>\n<p><span style=\"font-family: helvetica, arial, sans-serif;\">Ap E A3 + 1 (+ 1 p\u0159ist\u00fdlka), klimatizace + satelitn\u00ed TV + WiFi (klimatizace a pln\u011b vybaven\u00e1 kuchyn\u011b)<\/span><\/p>\n<p><span style=\"font-family: helvetica, arial, sans-serif;\">(v\u00fdhled na hory) (2. patro) (35m2 + terasa 4m2)<\/span><\/p>\n<p><span style=\"font-family: helvetica, arial, sans-serif;\">Velmi klidn\u00fd apartm\u00e1n s v\u00fdhledem na \u00fabo\u010d\u00ed horsk\u00e9ho p\u00e1smu Biokovo a n\u00e1dhern\u00fd st\u0159edomo\u0159sk\u00fd les za domem.<\/span><\/p>\n<p>&nbsp;<\/p>\n<p>&nbsp;<\/p>\n<p><a href=\"http:\/\/www.vila-nela.com\/sk\/e-apartman-a-31\/\"><img loading=\"lazy\" class=\"alignleft wp-image-321 size-full\" src=\"http:\/\/www.vila-nela.com\/wp-content\/uploads\/2017\/11\/viac.jpg\" alt=\"\" width=\"110\" height=\"33\" \/><\/a><\/p>\n<p>&nbsp;<\/p>\n<p>&nbsp;<\/p>\n<hr \/>\n<div class=\"page-header\">\n<h2><a href=\"http:\/\/www.vila-nela.com\/sk\/f-apartman-a-31\/\">F apartman &#8211; A-3+1<\/a><\/h2>\n<\/div>\n<p><a href=\"http:\/\/www.vila-nela.com\/sk\/f-apartman-a-31\/\"><img loading=\"lazy\" class=\"alignleft wp-image-41 \" src=\"http:\/\/www.vila-nela.com\/wp-content\/uploads\/2017\/11\/6_a3k2_vila_nela_tucepi_kitchen1-300x200.jpg\" alt=\"Apartments Tucepi\" width=\"230\" height=\"153\" srcset=\"https:\/\/www.vila-nela.com\/wp-content\/uploads\/2017\/11\/6_a3k2_vila_nela_tucepi_kitchen1-300x200.jpg 300w, https:\/\/www.vila-nela.com\/wp-content\/uploads\/2017\/11\/6_a3k2_vila_nela_tucepi_kitchen1.jpg 720w\" sizes=\"(max-width: 230px) 100vw, 230px\" \/><\/a><\/p>\n<p><span style=\"font-family: helvetica, arial, sans-serif;\">Ap E A3 + 1 (+ 1 p\u0159ist\u00fdlka), klimatizace + satelitn\u00ed TV + WiFi (klimatizace a pln\u011b vybaven\u00e1 kuchyn\u011b)<\/span><\/p>\n<p><span style=\"font-family: helvetica, arial, sans-serif;\">(v\u00fdhled na hory) (2. patro) (35m2 + terasa 4m2)<\/span><\/p>\n<p><span style=\"font-family: helvetica, arial, sans-serif;\">Velmi klidn\u00fd apartm\u00e1n s v\u00fdhledem na \u00fabo\u010d\u00ed horsk\u00e9ho p\u00e1smu Biokovo a n\u00e1dhern\u00fd st\u0159edomo\u0159sk\u00fd les za domem.<\/span><\/p>\n<p>&nbsp;<\/p>\n<p>&nbsp;<\/p>\n<p><a href=\"http:\/\/www.vila-nela.com\/sk\/f-apartman-a-31\/\"><img loading=\"lazy\" class=\"alignleft wp-image-321 size-full\" src=\"http:\/\/www.vila-nela.com\/wp-content\/uploads\/2017\/11\/viac.jpg\" alt=\"\" width=\"110\" height=\"33\" \/><\/a><\/p>\n<p>&nbsp;<\/p>\n<p>&nbsp;<\/p>\n<hr \/>\n<div class=\"page-header\">\n<h2><a href=\"http:\/\/www.vila-nela.com\/sk\/g-apartman-a-41\/\">G apartman &#8211; A-4+1<\/a><\/h2>\n<\/div>\n<p><a href=\"http:\/\/www.vila-nela.com\/sk\/g-apartman-a-41\/\"><img loading=\"lazy\" class=\"alignleft wp-image-42 \" src=\"http:\/\/www.vila-nela.com\/wp-content\/uploads\/2017\/11\/7_a4k3_vila_nela_tucepi_bedroom1-300x200.jpg\" alt=\"apartments Nela tucepi\" width=\"230\" height=\"153\" srcset=\"https:\/\/www.vila-nela.com\/wp-content\/uploads\/2017\/11\/7_a4k3_vila_nela_tucepi_bedroom1-300x200.jpg 300w, https:\/\/www.vila-nela.com\/wp-content\/uploads\/2017\/11\/7_a4k3_vila_nela_tucepi_bedroom1.jpg 720w\" sizes=\"(max-width: 230px) 100vw, 230px\" \/><\/a><\/p>\n<p><span style=\"font-family: helvetica, arial, sans-serif;\">Ap G: A4 + 1 (+ 1 p\u0159ist\u00fdlka), klimatizace + satelitn\u00ed TV + WiFi (klimatizace a pln\u011b vybaven\u00e1 kuchyn\u011b)<\/span><\/p>\n<p><span style=\"font-family: helvetica, arial, sans-serif;\">(v\u00fdhled na mo\u0159e) (dv\u011b terasy) (3. patro) (47m2 + terasa 15m2 + terasa 6m2)<\/span><\/p>\n<p><span style=\"font-family: helvetica, arial, sans-serif;\">Ob\u011b terasy zaji\u0161\u0165uj\u00ed n\u00e1dhern\u00fd v\u00fdhled na mo\u0159e a ostrovy. V\u011bt\u0161\u00ed terasa je vybavena leh\u00e1tky a dokonale se hod\u00ed k opalov\u00e1n\u00ed. Rozv\u00edjec\u00ed mark\u00fdza je dokonal\u00e1 b\u011bhem j\u00eddla na \u010derstv\u00e9m vzduchu.<\/span><\/p>\n<p>&nbsp;<\/p>\n<p><a href=\"http:\/\/www.vila-nela.com\/sk\/g-apartman-a-41\/\"><img loading=\"lazy\" class=\"alignleft wp-image-321 size-full\" src=\"http:\/\/www.vila-nela.com\/wp-content\/uploads\/2017\/11\/viac.jpg\" alt=\"\" width=\"110\" height=\"33\" \/><\/a><\/p>\n<p>&nbsp;<\/p>\n<p>&nbsp;<\/p>\n<hr \/>\n<div class=\"page-header\">\n<h2><a href=\"http:\/\/www.vila-nela.com\/sk\/h-apartman-a-4\/\">H apartman &#8211; A-4<\/a><\/h2>\n<\/div>\n<p><a href=\"http:\/\/www.vila-nela.com\/sk\/h-apartman-a-4\/\"><img loading=\"lazy\" class=\"alignleft wp-image-43 \" src=\"http:\/\/www.vila-nela.com\/wp-content\/uploads\/2017\/11\/8_a4k3_vila_nela_tucepi_bedroom1-300x200.jpg\" alt=\"Tucepi accommodation\" width=\"230\" height=\"153\" srcset=\"https:\/\/www.vila-nela.com\/wp-content\/uploads\/2017\/11\/8_a4k3_vila_nela_tucepi_bedroom1-300x200.jpg 300w, https:\/\/www.vila-nela.com\/wp-content\/uploads\/2017\/11\/8_a4k3_vila_nela_tucepi_bedroom1.jpg 720w\" sizes=\"(max-width: 230px) 100vw, 230px\" \/><\/a><\/p>\n<p><span style=\"font-family: helvetica, arial, sans-serif;\">Ap H: A4 + klimatizace + satelitn\u00ed TV + WiFi (klimatizace a pln\u011b vybaven\u00e1 kuchyn\u011b)<\/span><\/p>\n<p><span style=\"font-family: helvetica, arial, sans-serif;\">(v\u00fdhled na mo\u0159e) (3. patro) (40m2 + terasa 15m2)<\/span><\/p>\n<p><span style=\"font-family: helvetica, arial, sans-serif;\">Tento apartm\u00e1n je vybaven prostorn\u00fdm balk\u00f3nem v jihoz\u00e1padn\u00ed \u010d\u00e1sti, zaji\u0161\u0165uje dokonal\u00fd v\u00fdhled na mo\u0159e, horsk\u00e1 \u00fabo\u010d\u00ed a les. Apartm\u00e1n byl vybaven leh\u00e1tky pro opalov\u00e1n\u00ed na balkon\u011b. Lo\u017enice jsou um\u00edst\u011bny sm\u011brem k hor\u00e1m, zaji\u0161\u0165uj\u00ed dokonal\u00e9 ticho b\u011bhem sp\u00e1nku.<\/span><\/p>\n<p>&nbsp;<\/p>\n<p><a href=\"http:\/\/www.vila-nela.com\/sk\/h-apartman-a-4\/\"><img loading=\"lazy\" class=\"alignleft wp-image-321 size-full\" src=\"http:\/\/www.vila-nela.com\/wp-content\/uploads\/2017\/11\/viac.jpg\" alt=\"\" width=\"110\" height=\"33\" \/><\/a><\/p>\n<p>&nbsp;<\/p>\n<p>&nbsp;<\/p>\n<hr \/>\n<div class=\"page-header\">\n<h2><a href=\"http:\/\/www.vila-nela.com\/sk\/i-apartman-a-4\/\">I apartman &#8211; A-4<\/a><\/h2>\n<\/div>\n<p><a href=\"http:\/\/www.vila-nela.com\/sk\/i-apartman-a-4\/\"><img loading=\"lazy\" class=\"alignleft wp-image-44 \" src=\"http:\/\/www.vila-nela.com\/wp-content\/uploads\/2017\/11\/9_a4k3_vila_nela_tucepi_bedroom1a-300x200.jpg\" alt=\"Viala Nela\" width=\"230\" height=\"153\" srcset=\"https:\/\/www.vila-nela.com\/wp-content\/uploads\/2017\/11\/9_a4k3_vila_nela_tucepi_bedroom1a-300x200.jpg 300w, https:\/\/www.vila-nela.com\/wp-content\/uploads\/2017\/11\/9_a4k3_vila_nela_tucepi_bedroom1a.jpg 720w\" sizes=\"(max-width: 230px) 100vw, 230px\" \/><\/a><\/p>\n<p><span style=\"font-family: helvetica, arial, sans-serif;\">Ap I: A4 +klimatizace + satelitn\u00ed TV + WiFi (klimatizace a pln\u011b vybaven\u00e1 kuchyn\u011b)<\/span><\/p>\n<p><span style=\"font-family: helvetica, arial, sans-serif;\">(v\u00fdhled na mo\u0159e) (3. patro) (43m2 + terasa 15m2)<\/span><\/p>\n<p><span style=\"font-family: helvetica, arial, sans-serif;\">Prostorn\u00e1 terasa vybaven\u00e1 leh\u00e1tky, skv\u011ble se hod\u00ed k opalov\u00e1n\u00ed. Rozv\u00edjec\u00ed mark\u00fdza je dokonal\u00e1 b\u011bhem j\u00eddla na \u010derstv\u00e9m vzduchu. Apartm\u00e1n s v\u00fdhledem na mo\u0159e na ostrovy. Apartm\u00e1n byl vybaven mezipatrem, kter\u00e9 se t\u011b\u0161\u00ed nesm\u00edrn\u00e9mu \u00fasp\u011bchu u d\u011bt\u00ed.<\/span><\/p>\n<p>&nbsp;<\/p>\n<p><a href=\"http:\/\/www.vila-nela.com\/sk\/i-apartman-a-4\/\"><img loading=\"lazy\" class=\"alignleft wp-image-321 size-full\" src=\"http:\/\/www.vila-nela.com\/wp-content\/uploads\/2017\/11\/viac.jpg\" alt=\"\" width=\"110\" height=\"33\" \/><\/a><\/p>\n<p>&nbsp;<\/p>\n<p>&nbsp;<\/p>\n<hr \/>\n<div class=\"page-header\">\n<h2><a href=\"http:\/\/www.vila-nela.com\/sk\/j-apartman-a-41\/\">J apartman &#8211; A-4+1<\/a><\/h2>\n<\/div>\n<p><a href=\"http:\/\/www.vila-nela.com\/sk\/j-apartman-a-41\/\"><img loading=\"lazy\" class=\"alignleft wp-image-45 \" src=\"http:\/\/www.vila-nela.com\/wp-content\/uploads\/2017\/11\/10_a4k3_vila_nela_tucepi_bedroom1-300x200.jpg\" alt=\"Apartmens tucepi\" width=\"230\" height=\"153\" srcset=\"https:\/\/www.vila-nela.com\/wp-content\/uploads\/2017\/11\/10_a4k3_vila_nela_tucepi_bedroom1-300x200.jpg 300w, https:\/\/www.vila-nela.com\/wp-content\/uploads\/2017\/11\/10_a4k3_vila_nela_tucepi_bedroom1.jpg 720w\" sizes=\"(max-width: 230px) 100vw, 230px\" \/><\/a><\/p>\n<p><span style=\"font-family: helvetica, arial, sans-serif;\">Ap J: A4 + 1 (+ 1 p\u0159ist\u00fdlka), klimatizace + satelitn\u00ed TV + WiFi (klimatizace a pln\u011b vybaven\u00e1 kuchyn\u011b)<\/span><\/p>\n<p><span style=\"font-family: helvetica, arial, sans-serif;\">(v\u00fdhled na hory) (3. patro) (48m2 + terasa 15m2)<\/span><\/p>\n<p><span style=\"font-family: helvetica, arial, sans-serif;\">Apartm\u00e1n disponuje prostornou terasou s kr\u00e1sn\u00fdm v\u00fdhledem na hory, les a st\u0159edomo\u0159skou fl\u00f3ru. Balk\u00f3n vybaven dal\u0161\u00edmi leh\u00e1tky, dokonal\u00fdmi k span\u00ed a opalov\u00e1n\u00ed.<\/span><\/p>\n<p>&nbsp;<\/p>\n<p><a href=\"http:\/\/www.vila-nela.com\/sk\/j-apartman-a-41\/\"><img loading=\"lazy\" class=\"alignleft wp-image-321 size-full\" src=\"http:\/\/www.vila-nela.com\/wp-content\/uploads\/2017\/11\/viac.jpg\" alt=\"\" width=\"110\" height=\"33\" \/><\/a><\/p>\n<p>&nbsp;<\/p>\n<p>&nbsp;<\/p>\n<hr \/>\n<div class=\"page-header\">\n<h2><a href=\"http:\/\/www.vila-nela.com\/k-apartman-a-31\/\">K apartman &#8211; A-4+1<\/a><\/h2>\n<\/div>\n<p><a href=\"http:\/\/www.vila-nela.com\/sk\/k-apartman-a-31\/\"><img loading=\"lazy\" class=\"alignleft wp-image-46 \" src=\"http:\/\/www.vila-nela.com\/wp-content\/uploads\/2017\/11\/11_a31k0_tucepi_vila_nela_dining_room2d-300x200.jpg\" alt=\"Apartmani tu\u010depi\" width=\"230\" height=\"153\" srcset=\"https:\/\/www.vila-nela.com\/wp-content\/uploads\/2017\/11\/11_a31k0_tucepi_vila_nela_dining_room2d-300x200.jpg 300w, https:\/\/www.vila-nela.com\/wp-content\/uploads\/2017\/11\/11_a31k0_tucepi_vila_nela_dining_room2d.jpg 720w\" sizes=\"(max-width: 230px) 100vw, 230px\" \/><\/a><\/p>\n<p><span style=\"font-family: helvetica, arial, sans-serif;\">Ap K: A3 + TV + WiFi<\/span><\/p>\n<p><span style=\"font-family: helvetica, arial, sans-serif;\">(v p\u0159\u00edzem\u00ed) (35m2 + veranda 6m2) (pln\u011b vybaven\u00e1 kuchyn\u011b)<\/span><\/p>\n<p><span style=\"font-family: helvetica, arial, sans-serif;\">Apartm\u00e1n v p\u0159\u00edzem\u00ed, jedin\u00fd, kter\u00fd nen\u00ed vybaven klimatizac\u00ed, a to proto, \u017ee ji nepot\u0159ebuje. B\u011bhem hork\u00fdch letn\u00edch dn\u016f tu panuje dokonal\u00e1 teplota. Tento apartm\u00e1n \u010dasto vyu\u017e\u00edvaj\u00ed host\u00e9, pro kter\u00e9 je klimatizace zbyte\u010dn\u00e1, nebo neradi p\u011b\u0161ky stoupaj\u00ed do vy\u0161\u0161\u00edch pater. Na\u0161i dosavadn\u00ed host\u00e9 se do tohoto apartm\u00e1nu r\u00e1di vracej\u00ed.<\/span><\/p>\n<p>&nbsp;<\/p>\n<p><a href=\"http:\/\/www.vila-nela.com\/sk\/k-apartman-a-31\/\"><img loading=\"lazy\" class=\"alignleft wp-image-321 size-full\" src=\"http:\/\/www.vila-nela.com\/wp-content\/uploads\/2017\/11\/viac.jpg\" alt=\"\" width=\"110\" height=\"33\" \/><\/a><\/p>\n<p>&nbsp;<\/p>\n<p>&nbsp;<\/p>","protected":false},"excerpt":{"rendered":"<p>Apartm\u00e1ny Vila Nela Tu\u010depi A apartman &#8211; A-5 Ap A: A5 klimatizace + TV + WiFi (klimatizace a pln\u011b vybaven\u00e1 kuchyn\u011b) (v\u00fdhled na mo\u0159e a hory) (1. patro) (63m2 + terasa 12m2) Apartm\u00e1n se skl\u00e1d\u00e1 ze dvou lo\u017enic, velk\u00e9 n\u00e1bytkem vybaven\u00e9 kuchyn\u011b, prostorn\u00e9 terasy, 2toalety a koupelny se sprchou. &nbsp; &nbsp; &nbsp; B apartman &#8211; [&hellip;]<\/p>\n","protected":false},"author":1,"featured_media":0,"parent":0,"menu_order":0,"comment_status":"closed","ping_status":"closed","template":"","meta":{"url":"","client":"","location":"","start_date":"","end_date":""},"_links":{"self":[{"href":"https:\/\/www.vila-nela.com\/Cz\/wp-json\/wp\/v2\/pages\/269"}],"collection":[{"href":"https:\/\/www.vila-nela.com\/Cz\/wp-json\/wp\/v2\/pages"}],"about":[{"href":"https:\/\/www.vila-nela.com\/Cz\/wp-json\/wp\/v2\/types\/page"}],"author":[{"embeddable":true,"href":"https:\/\/www.vila-nela.com\/Cz\/wp-json\/wp\/v2\/users\/1"}],"replies":[{"embeddable":true,"href":"https:\/\/www.vila-nela.com\/Cz\/wp-json\/wp\/v2\/comments?post=269"}],"version-history":[{"count":0,"href":"https:\/\/www.vila-nela.com\/Cz\/wp-json\/wp\/v2\/pages\/269\/revisions"}],"wp:attachment":[{"href":"https:\/\/www.vila-nela.com\/Cz\/wp-json\/wp\/v2\/media?parent=269"}],"curies":[{"name":"wp","href":"https:\/\/api.w.org\/{rel}","templated":true}]}}